{"id":2,"date":"2016-05-10T03:48:21","date_gmt":"2016-05-10T03:48:21","guid":{"rendered":"http:\/\/2020-gd.gewaltfrei-durchboxen.de\/?page_id=2"},"modified":"2025-07-30T07:59:53","modified_gmt":"2025-07-30T06:59:53","slug":"home-page","status":"publish","type":"page","link":"https:\/\/www.gewaltfrei-durchboxen.de\/","title":{"rendered":"home"},"content":{"rendered":"<p>[et_pb_section fb_built=&#8220;1&#8243; _builder_version=&#8220;4.16&#8243; background_color=&#8220;#A99661&#8243; global_colors_info=&#8220;{}&#8220;][et_pb_row _builder_version=&#8220;4.16&#8243; global_colors_info=&#8220;{}&#8220;][et_pb_column type=&#8220;4_4&#8243; _builder_version=&#8220;4.16&#8243; global_colors_info=&#8220;{}&#8220;][et_pb_image src=&#8220;https:\/\/www.gewaltfrei-durchboxen.de\/wp-content\/uploads\/2020\/02\/GewaltfreiDurchboxen2019_final.png&#8220; title_text=&#8220;Gewaltfrei Durchboxen&#8220; align=&#8220;center&#8220; _builder_version=&#8220;4.16&#8243; global_colors_info=&#8220;{}&#8220;][\/et_pb_image][\/et_pb_column][\/et_pb_row][et_pb_row _builder_version=&#8220;4.16&#8243; global_colors_info=&#8220;{}&#8220;][et_pb_column type=&#8220;4_4&#8243; _builder_version=&#8220;4.16&#8243; global_colors_info=&#8220;{}&#8220;][et_pb_text _builder_version=&#8220;4.16&#8243; text_font=&#8220;|800|||||||&#8220; header_font=&#8220;|800|||||||&#8220; header_text_align=&#8220;center&#8220; header_font_size=&#8220;60px&#8220; header_3_font=&#8220;|700|||||||&#8220; header_3_font_size=&#8220;40px&#8220; module_alignment=&#8220;center&#8220; header_text_align_tablet=&#8220;&#8220; header_text_align_phone=&#8220;&#8220; header_text_align_last_edited=&#8220;on|desktop&#8220; global_colors_info=&#8220;{}&#8220;]<\/p>\n<h1 style=\"text-align: center;\">GEWALTFREI\u00a0DURCHBOXEN e.V.<\/h1>\n<p><h3 style=\"text-align: center;\">Der Verein f\u00fcr Gewaltpr\u00e4vention, Fairness, Boxen.<\/h3>\n<p>[\/et_pb_text][et_pb_divider show_divider=&#8220;off&#8220; admin_label=&#8220;Teiler&#8220; _builder_version=&#8220;4.16&#8243; background_color=&#8220;#A99661&#8243; height=&#8220;100px&#8220; global_colors_info=&#8220;{}&#8220;][\/et_pb_divider][\/et_pb_column][\/et_pb_row][\/et_pb_section][et_pb_section fb_built=&#8220;1&#8243; _builder_version=&#8220;4.16&#8243; background_color=&#8220;#8f8f8f&#8220; hover_transition_duration=&#8220;0ms&#8220; global_colors_info=&#8220;{}&#8220;][et_pb_row _builder_version=&#8220;4.16&#8243; hover_transition_duration=&#8220;0ms&#8220; global_colors_info=&#8220;{}&#8220;][et_pb_column type=&#8220;4_4&#8243; _builder_version=&#8220;4.16&#8243; global_colors_info=&#8220;{}&#8220;][et_pb_gallery gallery_ids=&#8220;443,440,412,388,22,203,404,205&#8243; show_title_and_caption=&#8220;off&#8220; show_pagination=&#8220;off&#8220; _builder_version=&#8220;4.19.5&#8243; caption_font_size=&#8220;10px&#8220; background_enable_color=&#8220;off&#8220; hover_transition_duration=&#8220;0ms&#8220; hover_enabled=&#8220;0&#8243; global_colors_info=&#8220;{}&#8220; sticky_enabled=&#8220;0&#8243;][\/et_pb_gallery][\/et_pb_column][\/et_pb_row][\/et_pb_section][et_pb_section fb_built=&#8220;1&#8243; specialty=&#8220;on&#8220; module_id=&#8220;verein&#8220; _builder_version=&#8220;4.16&#8243; background_color=&#8220;rgba(0,0,0,0)&#8220; global_colors_info=&#8220;{}&#8220;][et_pb_column type=&#8220;1_2&#8243; _builder_version=&#8220;4.16&#8243; custom_padding=&#8220;|||&#8220; global_colors_info=&#8220;{}&#8220; custom_padding__hover=&#8220;|||&#8220;][et_pb_image src=&#8220;https:\/\/www.gewaltfrei-durchboxen.de\/wp-content\/uploads\/2020\/02\/VS-20200123Gewaltfrei0011.jpg&#8220; title_text=&#8220;Fotos: Vitali Schmidt&#8220; _builder_version=&#8220;4.16&#8243; global_colors_info=&#8220;{}&#8220;][\/et_pb_image][\/et_pb_column][et_pb_column type=&#8220;1_2&#8243; specialty_columns=&#8220;2&#8243; _builder_version=&#8220;4.16&#8243; custom_padding=&#8220;|||&#8220; global_colors_info=&#8220;{}&#8220; custom_padding__hover=&#8220;|||&#8220;][et_pb_row_inner _builder_version=&#8220;4.16&#8243; global_colors_info=&#8220;{}&#8220;][et_pb_column_inner saved_specialty_column_type=&#8220;1_2&#8243; _builder_version=&#8220;4.16&#8243; global_colors_info=&#8220;{}&#8220;][et_pb_text _builder_version=&#8220;4.16&#8243; background_layout=&#8220;dark&#8220; global_colors_info=&#8220;{}&#8220;]<\/p>\n<h1>Gewaltfrei Durchboxen e.V.<\/h1>\n<p>\u00bbGewaltfrei Durchboxen\u00ab ist ein gemeinn\u00fctziger Verein ohne finanzielle Interessen. F\u00fcr unsere Jugendlichen ist das Training kostenfrei.<br \/>Wir sind also kein klassischer Boxclub, sondern ein Verein, der unter anderem \u00fcber das Boxen Fairness, Teamf\u00e4higkeit, Vermeidung von Gewalt trainiert. In diesem gesch\u00fctzten Rahmen k\u00f6nnen Jugendliche ihre Grenzen erfahren, lernen sich zu wehren oder einfach gemeinsam Spa\u00df am Sport haben, der auch mal Fu\u00dfball, Kraft- und Ausdauertraining enthalten kann.<br \/>Das Team ist entsprechend ausgebildet, die n\u00f6tigen Lizenzen liegen vor.<\/p>\n<p>[\/et_pb_text][\/et_pb_column_inner][\/et_pb_row_inner][\/et_pb_column][\/et_pb_section][et_pb_section fb_built=&#8220;1&#8243; specialty=&#8220;on&#8220; _builder_version=&#8220;4.16&#8243; background_color=&#8220;rgba(0,0,0,0)&#8220; global_colors_info=&#8220;{}&#8220;][et_pb_column type=&#8220;1_2&#8243; specialty_columns=&#8220;2&#8243; _builder_version=&#8220;4.16&#8243; custom_padding=&#8220;|||&#8220; global_colors_info=&#8220;{}&#8220; custom_padding__hover=&#8220;|||&#8220;][et_pb_row_inner _builder_version=&#8220;4.16&#8243; global_colors_info=&#8220;{}&#8220;][et_pb_column_inner saved_specialty_column_type=&#8220;1_2&#8243; _builder_version=&#8220;4.16&#8243; global_colors_info=&#8220;{}&#8220;][et_pb_text _builder_version=&#8220;4.16&#8243; background_layout=&#8220;dark&#8220; global_colors_info=&#8220;{}&#8220;]<\/p>\n<p>Der Verein besteht seit 2012 und wurde gegr\u00fcndet, um vorwiegend Jugendliche auf ihrem Weg zu begleiten, der im Alltag auch die Auseinandersetzung mit Gewalt, Konflikten, Mobbing oder Fremdenfeindlichkeit beinhaltet.<br \/>Aggressive Verhaltensformen zeigen sich im Stra\u00dfenverkehr, auf dem Schulhof, beim Sport, im Familienkontext und durch direkte k\u00f6rperliche Gewaltaus\u00fcbung. Cybermobbing, der leichter gewordene Zugang zu Gewalt in den Medien und die wirtschaftliche Lage in Deutschland haben dazu gef\u00fchrt, dass sich die Schulen auf ganz neue Anforderungen einstellen m\u00fcssen.<br \/>Eine wirksame Bek\u00e4mpfung der Gewaltkriminalit\u00e4t geh\u00f6rt zu den wichtigsten Herausforderungen unseres demokratischen Staates. Wir von Gewaltfrei Durchboxen m\u00f6chten uns ebenfalls dieser Herausforderung stellen.<br \/>Dabei spielt die Gewaltpr\u00e4vention und Opfervermeidung die zentrale Rolle, um m\u00f6gliche Gewalt zu verhindern bzw. stark entgegenzuwirken.<\/p>\n<p>[\/et_pb_text][\/et_pb_column_inner][\/et_pb_row_inner][\/et_pb_column][et_pb_column type=&#8220;1_2&#8243; _builder_version=&#8220;4.16&#8243; custom_padding=&#8220;|||&#8220; global_colors_info=&#8220;{}&#8220; custom_padding__hover=&#8220;|||&#8220;][et_pb_image src=&#8220;https:\/\/www.gewaltfrei-durchboxen.de\/wp-content\/uploads\/2020\/02\/VS-20200123Gewaltfrei0021.jpg&#8220; title_text=&#8220;Fotos: Vitali Schmidt&#8220; _builder_version=&#8220;4.16&#8243; global_colors_info=&#8220;{}&#8220;][\/et_pb_image][\/et_pb_column][\/et_pb_section][et_pb_section fb_built=&#8220;1&#8243; _builder_version=&#8220;4.16&#8243; background_color=&#8220;#8f8f8f&#8220; global_colors_info=&#8220;{}&#8220;][et_pb_row _builder_version=&#8220;4.16&#8243; hover_transition_duration=&#8220;0ms&#8220; global_colors_info=&#8220;{}&#8220;][et_pb_column type=&#8220;4_4&#8243; _builder_version=&#8220;4.16&#8243; global_colors_info=&#8220;{}&#8220;][et_pb_gallery gallery_ids=&#8220;396,382,444,442&#8243; show_title_and_caption=&#8220;off&#8220; show_pagination=&#8220;off&#8220; _builder_version=&#8220;4.19.5&#8243; background_enable_color=&#8220;off&#8220; hover_transition_duration=&#8220;0ms&#8220; hover_enabled=&#8220;0&#8243; global_colors_info=&#8220;{}&#8220; sticky_enabled=&#8220;0&#8243;][\/et_pb_gallery][\/et_pb_column][\/et_pb_row][\/et_pb_section][et_pb_section fb_built=&#8220;1&#8243; specialty=&#8220;on&#8220; module_id=&#8220;methoden&#8220; _builder_version=&#8220;4.16&#8243; background_color=&#8220;rgba(0,0,0,0)&#8220; global_colors_info=&#8220;{}&#8220;][et_pb_column type=&#8220;1_2&#8243; _builder_version=&#8220;4.16&#8243; custom_padding=&#8220;|||&#8220; global_colors_info=&#8220;{}&#8220; custom_padding__hover=&#8220;|||&#8220;][et_pb_image src=&#8220;https:\/\/www.gewaltfrei-durchboxen.de\/wp-content\/uploads\/2021\/12\/trainer-scaled.jpg&#8220; title_text=&#8220;trainer&#8220; _builder_version=&#8220;4.16&#8243; width=&#8220;70%&#8220; global_colors_info=&#8220;{}&#8220;][\/et_pb_image][\/et_pb_column][et_pb_column type=&#8220;1_2&#8243; specialty_columns=&#8220;2&#8243; _builder_version=&#8220;4.16&#8243; custom_padding=&#8220;|||&#8220; global_colors_info=&#8220;{}&#8220; custom_padding__hover=&#8220;|||&#8220;][et_pb_row_inner _builder_version=&#8220;4.16&#8243; global_colors_info=&#8220;{}&#8220;][et_pb_column_inner saved_specialty_column_type=&#8220;1_2&#8243; _builder_version=&#8220;4.16&#8243; global_colors_info=&#8220;{}&#8220;][et_pb_text _builder_version=&#8220;4.16&#8243; background_layout=&#8220;dark&#8220; global_colors_info=&#8220;{}&#8220;]<\/p>\n<p>Untersuchungen der T\u00e4ter-Opfer Beziehung belegen folgenden Schluss:<\/p>\n<h1>T\u00e4ter suchen Opfer, keine Gegner<\/h1>\n<p>In diesem Sinne ist unser Ziel die St\u00e4rkung der Pers\u00f6nlichkeit, Ausstrahlung und Haltung, die aus dem Opfer einen Gegner machen.<br \/>Die Jugendlichen werden f\u00fcr das Thema Gewalt sensibilisiert. Sie sollen verinnerlichen, dass sie sich als Gemeinschaft offen und konfrontativ der Gewalt gegen\u00fcberstellen und diese nicht tolerieren.<\/p>\n<h1>Unsere Trainingsmethoden<\/h1>\n<p>Unser Training besteht zum einen aus Elementen des klassischen Boxsportes, dem dadurch verbundenem hohen Ma\u00df an K\u00f6rperbeherrschung, Disziplin und Respekt und zum anderen aus Elementen der Erlebnisp\u00e4dagogik und der konfrontativen P\u00e4dagogik, um den Jugendlichen eine gewaltlose Handlungsperspektive aufzuzeigen.<\/p>\n<p>[\/et_pb_text][\/et_pb_column_inner][\/et_pb_row_inner][\/et_pb_column][\/et_pb_section][et_pb_section fb_built=&#8220;1&#8243; module_id=&#8220;kontakt&#8220; _builder_version=&#8220;4.16&#8243; background_color=&#8220;#a99661&#8243; global_colors_info=&#8220;{}&#8220;][et_pb_row module_id=&#8220;team&#8220; _builder_version=&#8220;4.16&#8243; global_colors_info=&#8220;{}&#8220;][et_pb_column type=&#8220;4_4&#8243; _builder_version=&#8220;4.16&#8243; global_colors_info=&#8220;{}&#8220;][et_pb_text _builder_version=&#8220;4.16&#8243; header_text_color=&#8220;#ffffff&#8220; global_colors_info=&#8220;{}&#8220;]<\/p>\n<h1>Trainer und Team<\/h1>\n<p>[\/et_pb_text][\/et_pb_column][\/et_pb_row][et_pb_row column_structure=&#8220;1_3,1_3,1_3&#8243; _builder_version=&#8220;4.16&#8243; global_colors_info=&#8220;{}&#8220;][et_pb_column type=&#8220;1_3&#8243; _builder_version=&#8220;4.16&#8243; global_colors_info=&#8220;{}&#8220;][et_pb_team_member name=&#8220;Harald Beck&#8220; position=&#8220;1. Vorstand und \u00bbChef\u00ab&#8220; image_url=&#8220;https:\/\/www.gewaltfrei-durchboxen.de\/wp-content\/uploads\/2021\/12\/harald_b.jpg&#8220; _builder_version=&#8220;4.16&#8243; header_text_align=&#8220;left&#8220; header_text_color=&#8220;#ffffff&#8220; header_font_size=&#8220;16px&#8220; body_text_color=&#8220;#ffffff&#8220; position_text_color=&#8220;#ffffff&#8220; text_orientation=&#8220;left&#8220; background_layout=&#8220;dark&#8220; width=&#8220;80%&#8220; global_colors_info=&#8220;{}&#8220;][\/et_pb_team_member][et_pb_text _builder_version=&#8220;4.16&#8243; text_text_color=&#8220;#ffffff&#8220; link_font=&#8220;|600|||||||&#8220; link_text_color=&#8220;#ffffff&#8220; background_layout=&#8220;dark&#8220; global_colors_info=&#8220;{}&#8220;]<\/p>\n<p>0179\/6710204<br \/><a href=\"mailto:harald@gewaltfrei-durchboxen.de\">harald@gewaltfrei-durchboxen.de<\/a><\/p>\n<p>[\/et_pb_text][\/et_pb_column][et_pb_column type=&#8220;1_3&#8243; _builder_version=&#8220;4.16&#8243; global_colors_info=&#8220;{}&#8220;][et_pb_team_member name=&#8220;Jens Weigand&#8220; position=&#8220;2. Vorstand, Co-Trainer und P\u00e4dagoge&#8220; image_url=&#8220;https:\/\/www.gewaltfrei-durchboxen.de\/wp-content\/uploads\/2020\/02\/Jens_Web.jpg&#8220; _builder_version=&#8220;4.19.5&#8243; header_text_align=&#8220;left&#8220; header_text_color=&#8220;#ffffff&#8220; header_font_size=&#8220;16px&#8220; body_text_align=&#8220;left&#8220; body_text_color=&#8220;#ffffff&#8220; position_text_color=&#8220;#ffffff&#8220; text_orientation=&#8220;left&#8220; background_layout=&#8220;dark&#8220; width=&#8220;80%&#8220; hover_enabled=&#8220;0&#8243; global_colors_info=&#8220;{}&#8220; sticky_enabled=&#8220;0&#8243;][\/et_pb_team_member][et_pb_text _builder_version=&#8220;4.16&#8243; text_text_color=&#8220;#ffffff&#8220; link_font=&#8220;|600|||||||&#8220; link_text_color=&#8220;#ffffff&#8220; background_layout=&#8220;dark&#8220; global_colors_info=&#8220;{}&#8220;]<\/p>\n<p><a href=\"mailto:kontakt@gewaltfrei-durchboxen.de\">kontakt@gewaltfrei-durchboxen.de<\/a><\/p>\n<p>[\/et_pb_text][\/et_pb_column][et_pb_column type=&#8220;1_3&#8243; _builder_version=&#8220;4.16&#8243; global_colors_info=&#8220;{}&#8220;][et_pb_team_member name=&#8220;Florian N\u00e4gele&#8220; position=&#8220;Beirat des Vereins&#8220; image_url=&#8220;https:\/\/www.gewaltfrei-durchboxen.de\/wp-content\/uploads\/2020\/02\/Flo-bearb.jpg&#8220; _builder_version=&#8220;4.16&#8243; header_text_align=&#8220;left&#8220; header_text_color=&#8220;#ffffff&#8220; header_font_size=&#8220;16px&#8220; body_text_align=&#8220;left&#8220; body_text_color=&#8220;#ffffff&#8220; position_text_color=&#8220;#ffffff&#8220; text_orientation=&#8220;left&#8220; background_layout=&#8220;dark&#8220; width=&#8220;80%&#8220; global_colors_info=&#8220;{}&#8220;][\/et_pb_team_member][et_pb_text _builder_version=&#8220;4.19.5&#8243; text_text_color=&#8220;#ffffff&#8220; link_font=&#8220;|600|||||||&#8220; link_text_color=&#8220;#ffffff&#8220; background_layout=&#8220;dark&#8220; global_colors_info=&#8220;{}&#8220;]<\/p>\n<p><a href=\"mailto:kontakt@gewaltfrei-durchboxen.de\">florian.naegele@arkade-ev.de<\/a><\/p>\n<p>[\/et_pb_text][\/et_pb_column][\/et_pb_row][et_pb_row column_structure=&#8220;1_4,1_4,1_4,1_4&#8243; _builder_version=&#8220;4.19.5&#8243; global_colors_info=&#8220;{}&#8220;][et_pb_column type=&#8220;1_4&#8243; _builder_version=&#8220;4.16&#8243; global_colors_info=&#8220;{}&#8220;][et_pb_team_member name=&#8220;Erol Karci&#8220; position=&#8220;Trainer&#8220; image_url=&#8220;https:\/\/www.gewaltfrei-durchboxen.de\/wp-content\/uploads\/2024\/11\/Erol_02-1.jpg&#8220; _builder_version=&#8220;4.19.5&#8243; header_text_align=&#8220;left&#8220; header_text_color=&#8220;#ffffff&#8220; header_font_size=&#8220;16px&#8220; body_text_color=&#8220;#ffffff&#8220; position_text_color=&#8220;#ffffff&#8220; text_orientation=&#8220;left&#8220; background_layout=&#8220;dark&#8220; width=&#8220;80%&#8220; global_colors_info=&#8220;{}&#8220;][\/et_pb_team_member][et_pb_text _builder_version=&#8220;4.16&#8243; text_text_color=&#8220;#ffffff&#8220; link_font=&#8220;|600|||||||&#8220; link_text_color=&#8220;#ffffff&#8220; background_layout=&#8220;dark&#8220; global_colors_info=&#8220;{}&#8220;]<\/p>\n<p>Trainer f\u00fcr soziale Trainingskurse<\/p>\n<p>Jugend \/ Heimerzieher<a href=\"mailto:florian@gewaltfrei-durchboxen.de\"><\/a><\/p>\n<p>[\/et_pb_text][\/et_pb_column][et_pb_column type=&#8220;1_4&#8243; _builder_version=&#8220;4.19.5&#8243; _module_preset=&#8220;default&#8220; global_colors_info=&#8220;{}&#8220;][\/et_pb_column][et_pb_column type=&#8220;1_4&#8243; _builder_version=&#8220;4.19.5&#8243; _module_preset=&#8220;default&#8220; global_colors_info=&#8220;{}&#8220;][et_pb_team_member _builder_version=&#8220;4.19.5&#8243; header_text_align=&#8220;left&#8220; header_text_color=&#8220;#ffffff&#8220; header_font_size=&#8220;16px&#8220; body_text_color=&#8220;#ffffff&#8220; position_text_color=&#8220;#ffffff&#8220; text_orientation=&#8220;left&#8220; background_layout=&#8220;dark&#8220; width=&#8220;80%&#8220; global_colors_info=&#8220;{}&#8220;][\/et_pb_team_member][\/et_pb_column][et_pb_column type=&#8220;1_4&#8243; _builder_version=&#8220;4.16&#8243; global_colors_info=&#8220;{}&#8220;][\/et_pb_column][\/et_pb_row][et_pb_row _builder_version=&#8220;4.16&#8243; global_colors_info=&#8220;{}&#8220;][et_pb_column type=&#8220;4_4&#8243; _builder_version=&#8220;4.16&#8243; global_colors_info=&#8220;{}&#8220;][et_pb_divider show_divider=&#8220;off&#8220; _builder_version=&#8220;4.16&#8243; height=&#8220;5px&#8220; global_colors_info=&#8220;{}&#8220;][\/et_pb_divider][\/et_pb_column][\/et_pb_row][\/et_pb_section][et_pb_section fb_built=&#8220;1&#8243; _builder_version=&#8220;4.16&#8243; background_color=&#8220;#8f8f8f&#8220; global_colors_info=&#8220;{}&#8220;][et_pb_row _builder_version=&#8220;4.16&#8243; global_colors_info=&#8220;{}&#8220;][et_pb_column type=&#8220;4_4&#8243; _builder_version=&#8220;4.16&#8243; global_colors_info=&#8220;{}&#8220;][et_pb_text _builder_version=&#8220;4.16&#8243; text_font=&#8220;|800|||||||&#8220; header_font=&#8220;|800|||||||&#8220; header_text_align=&#8220;center&#8220; header_font_size=&#8220;60px&#8220; header_3_font=&#8220;|700|||||||&#8220; header_3_font_size=&#8220;40px&#8220; module_alignment=&#8220;center&#8220; header_text_align_tablet=&#8220;&#8220; header_text_align_phone=&#8220;&#8220; header_text_align_last_edited=&#8220;on|desktop&#8220; global_colors_info=&#8220;{}&#8220;]<\/p>\n<h1 style=\"text-align: center;\">GEWALTFREI\u00a0DURCHBOXEN e.V.<\/h1>\n<p><h3 style=\"text-align: center;\">Der Verein f\u00fcr Gewaltpr\u00e4vention, Fairness, Boxen.<\/h3>\n<p>[\/et_pb_text][et_pb_divider show_divider=&#8220;off&#8220; admin_label=&#8220;Teiler&#8220; _builder_version=&#8220;4.16&#8243; background_color=&#8220;rgba(0,0,0,0)&#8220; height=&#8220;100px&#8220; global_colors_info=&#8220;{}&#8220;][\/et_pb_divider][et_pb_image src=&#8220;https:\/\/www.gewaltfrei-durchboxen.de\/wp-content\/uploads\/2020\/02\/GewaltfreiDurchboxen2019_final.png&#8220; title_text=&#8220;Gewaltfrei Durchboxen&#8220; align=&#8220;center&#8220; _builder_version=&#8220;4.16&#8243; global_colors_info=&#8220;{}&#8220;][\/et_pb_image][\/et_pb_column][\/et_pb_row][\/et_pb_section][et_pb_section fb_built=&#8220;1&#8243; module_id=&#8220;kontakt&#8220; _builder_version=&#8220;4.16&#8243; background_color=&#8220;#a99661&#8243; locked=&#8220;off&#8220; global_colors_info=&#8220;{}&#8220;][et_pb_row module_id=&#8220;team&#8220; _builder_version=&#8220;4.16&#8243; locked=&#8220;off&#8220; global_colors_info=&#8220;{}&#8220;][et_pb_column type=&#8220;4_4&#8243; _builder_version=&#8220;4.16&#8243; global_colors_info=&#8220;{}&#8220;][et_pb_text _builder_version=&#8220;4.16&#8243; header_text_color=&#8220;#ffffff&#8220; global_colors_info=&#8220;{}&#8220;]<\/p>\n<h1>Unsere Kooperationspartner<\/h1>\n<p>[\/et_pb_text][\/et_pb_column][\/et_pb_row][et_pb_row column_structure=&#8220;1_3,1_3,1_3&#8243; _builder_version=&#8220;4.18.0&#8243; global_colors_info=&#8220;{}&#8220;][et_pb_column type=&#8220;1_3&#8243; _builder_version=&#8220;4.16&#8243; global_colors_info=&#8220;{}&#8220;][et_pb_team_member image_url=&#8220;https:\/\/www.gewaltfrei-durchboxen.de\/wp-content\/uploads\/2020\/03\/khhlogo.gif&#8220; _builder_version=&#8220;4.16&#8243; header_text_align=&#8220;left&#8220; header_text_color=&#8220;#ffffff&#8220; header_font_size=&#8220;16px&#8220; body_text_color=&#8220;#ffffff&#8220; position_text_color=&#8220;#ffffff&#8220; text_orientation=&#8220;left&#8220; background_layout=&#8220;dark&#8220; width=&#8220;80%&#8220; link_option_url=&#8220;www.kopfherzhand.com&#8220; link_option_url_new_window=&#8220;on&#8220; global_colors_info=&#8220;{}&#8220;][\/et_pb_team_member][et_pb_text _builder_version=&#8220;4.16&#8243; text_text_color=&#8220;#ffffff&#8220; link_font=&#8220;|600|||||||&#8220; link_text_color=&#8220;#ffffff&#8220; background_layout=&#8220;dark&#8220; global_colors_info=&#8220;{}&#8220;]<\/p>\n<p>Einrichtung f\u00fcr schulentfremdete<br \/>Jugendliche in Friedrichshafen<\/p>\n<p>[\/et_pb_text][\/et_pb_column][et_pb_column type=&#8220;1_3&#8243; _builder_version=&#8220;4.16&#8243; global_colors_info=&#8220;{}&#8220;][et_pb_team_member name=&#8220;            Wir freuen uns \u00fcber ihr Engegement als Sponsor!&#8220; _builder_version=&#8220;4.18.0&#8243; header_text_align=&#8220;left&#8220; header_text_color=&#8220;#ffffff&#8220; header_font_size=&#8220;16px&#8220; body_text_align=&#8220;left&#8220; body_text_color=&#8220;#ffffff&#8220; position_text_color=&#8220;#ffffff&#8220; text_orientation=&#8220;left&#8220; background_layout=&#8220;dark&#8220; width=&#8220;80%&#8220; global_colors_info=&#8220;{}&#8220; name__hover_enabled=&#8220;off|desktop&#8220;][\/et_pb_team_member][et_pb_text _builder_version=&#8220;4.16&#8243; text_text_color=&#8220;#ffffff&#8220; link_font=&#8220;|600|||||||&#8220; link_text_color=&#8220;#ffffff&#8220; background_layout=&#8220;dark&#8220; global_colors_info=&#8220;{}&#8220;]<\/p>\n<p style=\"text-align: center;\">Sponsor<\/p>\n<p>[\/et_pb_text][\/et_pb_column][et_pb_column type=&#8220;1_3&#8243; _builder_version=&#8220;4.16&#8243; global_colors_info=&#8220;{}&#8220;][et_pb_team_member _builder_version=&#8220;4.16&#8243; header_text_align=&#8220;left&#8220; header_text_color=&#8220;#ffffff&#8220; header_font_size=&#8220;16px&#8220; body_text_color=&#8220;#ffffff&#8220; position_text_color=&#8220;#ffffff&#8220; text_orientation=&#8220;left&#8220; background_layout=&#8220;dark&#8220; width=&#8220;80%&#8220; global_colors_info=&#8220;{}&#8220;][\/et_pb_team_member][et_pb_text _builder_version=&#8220;4.16&#8243; text_text_color=&#8220;#ffffff&#8220; link_font=&#8220;|600|||||||&#8220; link_text_color=&#8220;#ffffff&#8220; background_layout=&#8220;dark&#8220; global_colors_info=&#8220;{}&#8220;][\/et_pb_text][\/et_pb_column][\/et_pb_row][et_pb_row _builder_version=&#8220;4.16&#8243; global_colors_info=&#8220;{}&#8220;][et_pb_column type=&#8220;4_4&#8243; _builder_version=&#8220;4.16&#8243; global_colors_info=&#8220;{}&#8220;][et_pb_text _builder_version=&#8220;4.16&#8243; text_font=&#8220;|800|||||||&#8220; header_font=&#8220;|800|||||||&#8220; header_text_align=&#8220;center&#8220; header_font_size=&#8220;60px&#8220; header_3_font=&#8220;|700|||||||&#8220; header_3_font_size=&#8220;40px&#8220; module_alignment=&#8220;center&#8220; header_text_align_tablet=&#8220;&#8220; header_text_align_phone=&#8220;&#8220; header_text_align_last_edited=&#8220;on|desktop&#8220; global_colors_info=&#8220;{}&#8220;]<\/p>\n<div dir=\"auto\"><strong>Wenn Sie unsere Arbeit durch eine Spende unterst\u00fctzen m\u00f6chten, k\u00f6nnen Sie dies gerne \u00fcber folgendes Spendenkonto tun:<\/strong><\/div>\n<div dir=\"auto\"><\/div>\n<div dir=\"auto\">Gewaltfrei Durchboxen e.V., Harald Beck<\/div>\n<div dir=\"auto\">DE16 6905 0001 0024 8633 67<\/div>\n<div dir=\"auto\">SOLADES1KNZ<\/div>\n<div dir=\"auto\"><\/div>\n<div dir=\"auto\"><strong>Vielen Dank! Ihr Beitrag f\u00fcr unsere Arbeit ist eine wichtige Investition in die Zukunft.<\/strong><\/div>\n<p>[\/et_pb_text][et_pb_divider show_divider=&#8220;off&#8220; admin_label=&#8220;Teiler&#8220; _builder_version=&#8220;4.16&#8243; background_color=&#8220;#A99661&#8243; height=&#8220;100px&#8220; global_colors_info=&#8220;{}&#8220;][\/et_pb_divider][\/et_pb_column][\/et_pb_row][\/et_pb_section]<\/p>\n","protected":false},"excerpt":{"rendered":"<p>GEWALTFREI\u00a0DURCHBOXEN e.V. Der Verein f\u00fcr Gewaltpr\u00e4vention, Fairness, Boxen.Gewaltfrei Durchboxen e.V. \u00bbGewaltfrei Durchboxen\u00ab ist ein gemeinn\u00fctziger Verein ohne finanzielle Interessen. F\u00fcr unsere Jugendlichen ist das Training kostenfrei.Wir sind also kein klassischer Boxclub, sondern ein Verein, der unter anderem \u00fcber das Boxen Fairness, Teamf\u00e4higkeit, Vermeidung von Gewalt trainiert. In diesem gesch\u00fctzten Rahmen k\u00f6nnen Jugendliche ihre Grenzen erfahren, [&hellip;]<\/p>\n","protected":false},"author":1,"featured_media":0,"parent":0,"menu_order":0,"comment_status":"closed","ping_status":"closed","template":"","meta":{"_et_pb_use_builder":"on","_et_pb_old_content":"This is an example page. It's different from a blog post because it will stay in one place and will show up in your site navigation (in most themes). Most people start with an About page that introduces them to potential site visitors. It might say something like this:\r\n<blockquote>Hi there! I'm a bike messenger by day, aspiring actor by night, and this is my website. I live in Los Angeles, have a great dog named Jack, and I like pi\u00f1a coladas. (And gettin' caught in the rain.)<\/blockquote>\r\n...or something like this:\r\n<blockquote>The XYZ Doohickey Company was founded in 1971, and has been providing quality doohickeys to the public ever since. Located in Gotham City, XYZ employs over 2,000 people and does all kinds of awesome things for the Gotham community.<\/blockquote>\r\nAs a new WordPress user, you should go to <a href=\"http:\/\/2020-gd.gewaltfrei-durchboxen.de\/wp-admin\/\">your dashboard<\/a> to delete this page and create new pages for your content. Have fun!","_et_gb_content_width":"","footnotes":""},"_links":{"self":[{"href":"https:\/\/www.gewaltfrei-durchboxen.de\/index.php?rest_route=\/wp\/v2\/pages\/2"}],"collection":[{"href":"https:\/\/www.gewaltfrei-durchboxen.de\/index.php?rest_route=\/wp\/v2\/pages"}],"about":[{"href":"https:\/\/www.gewaltfrei-durchboxen.de\/index.php?rest_route=\/wp\/v2\/types\/page"}],"author":[{"embeddable":true,"href":"https:\/\/www.gewaltfrei-durchboxen.de\/index.php?rest_route=\/wp\/v2\/users\/1"}],"replies":[{"embeddable":true,"href":"https:\/\/www.gewaltfrei-durchboxen.de\/index.php?rest_route=%2Fwp%2Fv2%2Fcomments&post=2"}],"version-history":[{"count":133,"href":"https:\/\/www.gewaltfrei-durchboxen.de\/index.php?rest_route=\/wp\/v2\/pages\/2\/revisions"}],"predecessor-version":[{"id":445,"href":"https:\/\/www.gewaltfrei-durchboxen.de\/index.php?rest_route=\/wp\/v2\/pages\/2\/revisions\/445"}],"wp:attachment":[{"href":"https:\/\/www.gewaltfrei-durchboxen.de\/index.php?rest_route=%2Fwp%2Fv2%2Fmedia&parent=2"}],"curies":[{"name":"wp","href":"https:\/\/api.w.org\/{rel}","templated":true}]}}